{"id":18,"date":"2016-03-05T13:26:58","date_gmt":"2016-03-05T13:26:58","guid":{"rendered":"http:\/\/2016.thomas-schuette-stiftung.de\/?page_id=18&#038;lang=en"},"modified":"2022-11-08T14:42:52","modified_gmt":"2022-11-08T14:42:52","slug":"thomas-schuette-foundation","status":"publish","type":"page","link":"https:\/\/thomas-schuette-stiftung.de\/en\/thomas-schuette-foundation\/","title":{"rendered":"Thomas Sch\u00fctte Foundation"},"content":{"rendered":"<h2>Board<\/h2>\n<p>Thomas Sch\u00fctte<br \/>\nF\u00fcrstenplatz 5<br \/>\n40215 D\u00fcsseldorf<\/p>\n<p>Lars Klatte<br \/>\nTersteegenstra\u00dfe 30<br \/>\n40474 D\u00fcsseldorf<\/p>\n<p>Roland Moskat<br \/>\nPoststra\u00dfe 1-3<br \/>\n40213 D\u00fcsseldorf<\/p>\n<h3>Curatorium<\/h3>\n<p>Dr. Dieter Schwarz<br \/>\nArosastra\u00dfe 20<br \/>\nCH-8008 Z\u00fcrich<\/p>\n<p>Rita Kersting<br \/>\nMuseum Ludwig<br \/>\nHeinrich-B\u00f6ll-Platz<br \/>\n50667 K\u00f6ln<\/p>\n<p>Leopold Freiherr von Diergardt<br \/>\nAm Backesberg 2<br \/>\n40629 D\u00fcsseldorf<\/p>\n<h3>Fiscal advice<\/h3>\n<p>Dr. Gantef\u00fchrer, Marquardt &amp; Partner mbB<br \/>\nPoststra\u00dfe 1-3<br \/>\n40213 D\u00fcsseldorf<\/p>\n","protected":false},"excerpt":{"rendered":"<p>Board Thomas Sch\u00fctte F\u00fcrstenplatz 5 40215 D\u00fcsseldorf Lars Klatte Tersteegenstra\u00dfe 30 40474 D\u00fcsseldorf Roland Moskat Poststra\u00dfe 1-3 40213 D\u00fcsseldorf Curatorium Dr. Dieter Schwarz Arosastra\u00dfe 20 CH-8008 Z\u00fcrich Rita Kersting Museum Ludwig Heinrich-B\u00f6ll-Platz 50667 K\u00f6ln Leopold Freiherr von Diergardt Am Backesberg 2 40629 D\u00fcsseldorf Fiscal advice Dr. Gantef\u00fchrer, Marquardt &amp; Partner mbB Poststra\u00dfe 1-3 40213 D\u00fcsseldorf<\/p>\n","protected":false},"author":2,"featured_media":231,"parent":0,"menu_order":4,"comment_status":"closed","ping_status":"closed","template":"","meta":{"_acf_changed":false,"footnotes":""},"class_list":["post-18","page","type-page","status-publish","has-post-thumbnail","hentry"],"acf":[],"_links":{"self":[{"href":"https:\/\/thomas-schuette-stiftung.de\/en\/wp-json\/wp\/v2\/pages\/18","targetHints":{"allow":["GET"]}}],"collection":[{"href":"https:\/\/thomas-schuette-stiftung.de\/en\/wp-json\/wp\/v2\/pages"}],"about":[{"href":"https:\/\/thomas-schuette-stiftung.de\/en\/wp-json\/wp\/v2\/types\/page"}],"author":[{"embeddable":true,"href":"https:\/\/thomas-schuette-stiftung.de\/en\/wp-json\/wp\/v2\/users\/2"}],"replies":[{"embeddable":true,"href":"https:\/\/thomas-schuette-stiftung.de\/en\/wp-json\/wp\/v2\/comments?post=18"}],"version-history":[{"count":13,"href":"https:\/\/thomas-schuette-stiftung.de\/en\/wp-json\/wp\/v2\/pages\/18\/revisions"}],"predecessor-version":[{"id":6426,"href":"https:\/\/thomas-schuette-stiftung.de\/en\/wp-json\/wp\/v2\/pages\/18\/revisions\/6426"}],"wp:featuredmedia":[{"embeddable":true,"href":"https:\/\/thomas-schuette-stiftung.de\/en\/wp-json\/wp\/v2\/media\/231"}],"wp:attachment":[{"href":"https:\/\/thomas-schuette-stiftung.de\/en\/wp-json\/wp\/v2\/media?parent=18"}],"curies":[{"name":"wp","href":"https:\/\/api.w.org\/{rel}","templated":true}]}}